{"id":9,"date":"2014-01-10T02:09:03","date_gmt":"2014-01-10T00:09:03","guid":{"rendered":"http:\/\/daz-gmbh.de\/autowerkstatt\/?page_id=9"},"modified":"2014-01-11T01:18:32","modified_gmt":"2014-01-10T23:18:32","slug":"imressum","status":"publish","type":"page","link":"http:\/\/daz-gmbh.de\/autowerkstatt\/imressum\/","title":{"rendered":"Imressum"},"content":{"rendered":"<p>Die Darstellungen und Inhalte unseres Internetauftritts verstehen sich als Informationsseiten an andere Unternehmen. Sie stellen ausschlie\u00dflich Mitteilungen im Sinne einer Berichterstattung \u00fcber unser Unternehmen und der damit im Zusammenhang stehenden T\u00e4tigkeiten dar. Hinweise und Anregungen sind uns jederzeit willkommen. Senden Sie uns bitte eine E-Mail oder sprechen Sie uns an.<\/p>\n<p>Eine Kontaktaufnahme \u00fcber unser Internetangebot (insbesondere E-Mail) kann nicht unmittelbar zu einem Vertragsabschluss f\u00fchren. Sollten Ihre E-Mails Inhalte enthalten, die als Angebot zu verstehen seien k\u00f6nnten, ist im Zweifel davon auszugehen, dass darin eine Aufforderung zu sehen ist, in gesch\u00e4ftlichen Kontakt zueinander zu treten. Die Annahme eines Angebots bleibt einer ausdr\u00fccklichen schriftlichen Erkl\u00e4rung durch die DAZ GMBH vorbehalten.<\/p>\n<p>Die Haftung f\u00fcr Sch\u00e4den jedweder Art aus der Nutzung des Angebotes unseres Internetauftrittes wird auf Vorsatz und grobe Fahrl\u00e4ssigkeit der DAZ GMBH und auf Vorsatz und die grobe Fahrl\u00e4ssigkeit der eingesetzten Mitarbeiter oder von der DAZ GMBH beauftragter Dritter beschr\u00e4nkt. Die vorstehende Haftungsbeschr\u00e4nkung betrifft nicht Anspr\u00fcche nach dem Produkthaftungsgesetz und uns zurechenbare K\u00f6rper- und Gesundheitssch\u00e4den oder bei Verlust des Lebens aufgrund der Nutzung.<\/p>\n<p>Hyperlinks<\/p>\n<p>F\u00fcr die Inhalte auf Internetseiten, zu denen Hyperlinks oder Verweise von daz-gmbh.de aus f\u00fchren, \u00fcbernimmt die DAZ GMBH keine Verantwortung. Die Links sind als Hinweise auf Informationsquellen im Internet zu verstehen und stellen keine Empfehlung dar. Die DAZ GMBH erkl\u00e4rt, dass zum Zeitpunkt der Linksetzung die entsprechenden Seiten frei von illegalen Inhalten waren. Auf die Gestaltung und die Inhalte von verlinkten Seiten hat die DAZ GMBH keinen Einfluss. Aus diesem Grund distanziert sich die DAZ GMBH von allen Inhalten, die nach der Linksetzung ver\u00e4ndert und hinzugef\u00fcgt wurden. Die DAZ GMBH macht sich die Inhalte der Internetseiten Dritter nicht zu Eigen. F\u00fcr etwaige Sch\u00e4den aus der Nutzung von Inhalten fremder Seiten haftet alleine der Anbieter dieser Seiten.<\/p>\n<p><a href=\"http:\/\/daz-gmbh.de\/autowerkstatt\/wp-content\/uploads\/2014\/01\/impessum.png\"><img loading=\"lazy\" decoding=\"async\" class=\"aligncenter size-full wp-image-24\" alt=\"impessum\" src=\"http:\/\/daz-gmbh.de\/autowerkstatt\/wp-content\/uploads\/2014\/01\/impessum.png\" width=\"847\" height=\"555\" srcset=\"http:\/\/daz-gmbh.de\/autowerkstatt\/wp-content\/uploads\/2014\/01\/impessum.png 847w, http:\/\/daz-gmbh.de\/autowerkstatt\/wp-content\/uploads\/2014\/01\/impessum-300x196.png 300w, http:\/\/daz-gmbh.de\/autowerkstatt\/wp-content\/uploads\/2014\/01\/impessum-624x408.png 624w\" sizes=\"auto, (max-width: 847px) 100vw, 847px\" \/><\/a><\/p>\n","protected":false},"excerpt":{"rendered":"<p>Die Darstellungen und Inhalte unseres Internetauftritts verstehen sich als Informationsseiten an andere Unternehmen. Sie stellen ausschlie\u00dflich Mitteilungen im Sinne einer Berichterstattung \u00fcber unser Unternehmen und der damit im Zusammenhang stehenden T\u00e4tigkeiten dar. Hinweise und Anregungen sind uns jederzeit willkommen. Senden Sie uns bitte eine E-Mail oder sprechen Sie uns an. Eine Kontaktaufnahme \u00fcber unser Internetangebot [&hellip;]<\/p>\n","protected":false},"author":1,"featured_media":0,"parent":0,"menu_order":2,"comment_status":"closed","ping_status":"closed","template":"","meta":{"footnotes":""},"class_list":["post-9","page","type-page","status-publish","hentry"],"_links":{"self":[{"href":"http:\/\/daz-gmbh.de\/autowerkstatt\/wp-json\/wp\/v2\/pages\/9","targetHints":{"allow":["GET"]}}],"collection":[{"href":"http:\/\/daz-gmbh.de\/autowerkstatt\/wp-json\/wp\/v2\/pages"}],"about":[{"href":"http:\/\/daz-gmbh.de\/autowerkstatt\/wp-json\/wp\/v2\/types\/page"}],"author":[{"embeddable":true,"href":"http:\/\/daz-gmbh.de\/autowerkstatt\/wp-json\/wp\/v2\/users\/1"}],"replies":[{"embeddable":true,"href":"http:\/\/daz-gmbh.de\/autowerkstatt\/wp-json\/wp\/v2\/comments?post=9"}],"version-history":[{"count":4,"href":"http:\/\/daz-gmbh.de\/autowerkstatt\/wp-json\/wp\/v2\/pages\/9\/revisions"}],"predecessor-version":[{"id":26,"href":"http:\/\/daz-gmbh.de\/autowerkstatt\/wp-json\/wp\/v2\/pages\/9\/revisions\/26"}],"wp:attachment":[{"href":"http:\/\/daz-gmbh.de\/autowerkstatt\/wp-json\/wp\/v2\/media?parent=9"}],"curies":[{"name":"wp","href":"https:\/\/api.w.org\/{rel}","templated":true}]}}