{"id":31,"date":"2014-01-12T01:19:30","date_gmt":"2014-01-11T23:19:30","guid":{"rendered":"http:\/\/daz-gmbh.de\/autowerkstatt\/?page_id=31"},"modified":"2014-01-12T13:41:49","modified_gmt":"2014-01-12T11:41:49","slug":"leistungen","status":"publish","type":"page","link":"http:\/\/daz-gmbh.de\/autowerkstatt\/","title":{"rendered":"Leistungen"},"content":{"rendered":"<p><img decoding=\"async\" alt=\"\" src=\"http:\/\/daz-gmbh.de\/dazgif.gif\" \/><\/p>\n<h1><span style=\"text-decoration: underline; color: #008000;\"><b>Viel mehr als Sie von einer guten Werkstatt erwarten:<\/b><\/span><\/h1>\n<ul>\n<li>\n<h1><span style=\"color: #008000;\">Pkw-Reparatur f\u00fcr alle Fabrikate<a href=\"http:\/\/daz-gmbh.de\/autowerkstatt\/wp-content\/uploads\/2014\/01\/ok.jpg\"><span style=\"color: #008000;\"><img loading=\"lazy\" decoding=\"async\" class=\"size-full wp-image-69 alignnone\" alt=\"ok\" src=\"http:\/\/daz-gmbh.de\/autowerkstatt\/wp-content\/uploads\/2014\/01\/ok.jpg\" width=\"30\" height=\"30\" \/><\/span><\/a><\/span><\/h1>\n<\/li>\n<li>Schnellservice &#8211; kleinere Arbeiten werden sofort und ohne Voranmeldung erledigt (z.B. \u00d6lwechsel oder Austausch von Batterien)<a href=\"http:\/\/daz-gmbh.de\/autowerkstatt\/wp-content\/uploads\/2014\/01\/ok.jpg\"><img loading=\"lazy\" decoding=\"async\" alt=\"ok\" src=\"http:\/\/daz-gmbh.de\/autowerkstatt\/wp-content\/uploads\/2014\/01\/ok.jpg\" width=\"30\" height=\"30\" \/><\/a><\/li>\n<li>Fr\u00fchjahrsservice, Urlaubsservice, Winterservice, Lichttest\u00a0<a href=\"http:\/\/daz-gmbh.de\/autowerkstatt\/wp-content\/uploads\/2014\/01\/ok.jpg\"><img loading=\"lazy\" decoding=\"async\" alt=\"ok\" src=\"http:\/\/daz-gmbh.de\/autowerkstatt\/wp-content\/uploads\/2014\/01\/ok.jpg\" width=\"30\" height=\"30\" \/><\/a><\/li>\n<li>Inspektionen nach Herstellerangaben<a href=\"http:\/\/daz-gmbh.de\/autowerkstatt\/wp-content\/uploads\/2014\/01\/ok.jpg\"><img loading=\"lazy\" decoding=\"async\" alt=\"ok\" src=\"http:\/\/daz-gmbh.de\/autowerkstatt\/wp-content\/uploads\/2014\/01\/ok.jpg\" width=\"30\" height=\"30\" \/><\/a><\/li>\n<li>Hauptuntersuchung (HU\/&#8220;T\u00dcV&#8220;) und Abgasuntersuchung (AU)<a href=\"http:\/\/daz-gmbh.de\/autowerkstatt\/wp-content\/uploads\/2014\/01\/ok.jpg\"><img loading=\"lazy\" decoding=\"async\" alt=\"ok\" src=\"http:\/\/daz-gmbh.de\/autowerkstatt\/wp-content\/uploads\/2014\/01\/ok.jpg\" width=\"30\" height=\"30\" \/><\/a><\/li>\n<li>Kleinere Unfallinstandsetzungen<a href=\"http:\/\/daz-gmbh.de\/autowerkstatt\/wp-content\/uploads\/2014\/01\/ok.jpg\"><img loading=\"lazy\" decoding=\"async\" alt=\"ok\" src=\"http:\/\/daz-gmbh.de\/autowerkstatt\/wp-content\/uploads\/2014\/01\/ok.jpg\" width=\"30\" height=\"30\" \/><\/a><\/li>\n<li>Reifenservice mit R\u00e4dereinlagerung<a href=\"http:\/\/daz-gmbh.de\/autowerkstatt\/wp-content\/uploads\/2014\/01\/ok.jpg\"><img loading=\"lazy\" decoding=\"async\" alt=\"ok\" src=\"http:\/\/daz-gmbh.de\/autowerkstatt\/wp-content\/uploads\/2014\/01\/ok.jpg\" width=\"30\" height=\"30\" \/><\/a><\/li>\n<li>Klimaanlagenservice \/ Klimaanlagenreparatur<a href=\"http:\/\/daz-gmbh.de\/autowerkstatt\/wp-content\/uploads\/2014\/01\/ok.jpg\"><img loading=\"lazy\" decoding=\"async\" alt=\"ok\" src=\"http:\/\/daz-gmbh.de\/autowerkstatt\/wp-content\/uploads\/2014\/01\/ok.jpg\" width=\"30\" height=\"30\" \/><\/a><\/li>\n<li>Motordiagnose mit modernster Messtechnik<a href=\"http:\/\/daz-gmbh.de\/autowerkstatt\/wp-content\/uploads\/2014\/01\/ok.jpg\"><img loading=\"lazy\" decoding=\"async\" alt=\"ok\" src=\"http:\/\/daz-gmbh.de\/autowerkstatt\/wp-content\/uploads\/2014\/01\/ok.jpg\" width=\"30\" height=\"30\" \/><\/a><\/li>\n<li>Bremsen-, Auspuff-, Kupplung-, Getriebe- und Motorinstandsetzung<a href=\"http:\/\/daz-gmbh.de\/autowerkstatt\/wp-content\/uploads\/2014\/01\/ok.jpg\"><img loading=\"lazy\" decoding=\"async\" alt=\"ok\" src=\"http:\/\/daz-gmbh.de\/autowerkstatt\/wp-content\/uploads\/2014\/01\/ok.jpg\" width=\"30\" height=\"30\" \/><\/a><\/li>\n<li>Ersatzteil- und Zubeh\u00f6rverkauf<a href=\"http:\/\/daz-gmbh.de\/autowerkstatt\/wp-content\/uploads\/2014\/01\/ok.jpg\"><img loading=\"lazy\" decoding=\"async\" alt=\"ok\" src=\"http:\/\/daz-gmbh.de\/autowerkstatt\/wp-content\/uploads\/2014\/01\/ok.jpg\" width=\"30\" height=\"30\" \/><\/a><\/li>\n<li>Professionelle optische Fahrzeugaufbereitungen<a href=\"http:\/\/daz-gmbh.de\/autowerkstatt\/wp-content\/uploads\/2014\/01\/ok.jpg\"><img loading=\"lazy\" decoding=\"async\" alt=\"ok\" src=\"http:\/\/daz-gmbh.de\/autowerkstatt\/wp-content\/uploads\/2014\/01\/ok.jpg\" width=\"30\" height=\"30\" \/><\/a><\/li>\n<li>Lack- und Karosseriearbeiten<a href=\"http:\/\/daz-gmbh.de\/autowerkstatt\/wp-content\/uploads\/2014\/01\/ok.jpg\"><img loading=\"lazy\" decoding=\"async\" alt=\"ok\" src=\"http:\/\/daz-gmbh.de\/autowerkstatt\/wp-content\/uploads\/2014\/01\/ok.jpg\" width=\"30\" height=\"30\" \/><\/a><\/li>\n<li>Einbau von Anh\u00e4ngerkupplungen<a href=\"http:\/\/daz-gmbh.de\/autowerkstatt\/wp-content\/uploads\/2014\/01\/ok.jpg\"><img loading=\"lazy\" decoding=\"async\" alt=\"ok\" src=\"http:\/\/daz-gmbh.de\/autowerkstatt\/wp-content\/uploads\/2014\/01\/ok.jpg\" width=\"30\" height=\"30\" \/><\/a><\/li>\n<li>Zubeh\u00f6reinbau (Radio, Navigation, Telefon usw.)<a href=\"http:\/\/daz-gmbh.de\/autowerkstatt\/wp-content\/uploads\/2014\/01\/ok.jpg\"><img loading=\"lazy\" decoding=\"async\" alt=\"ok\" src=\"http:\/\/daz-gmbh.de\/autowerkstatt\/wp-content\/uploads\/2014\/01\/ok.jpg\" width=\"30\" height=\"30\" \/><\/a><\/li>\n<li>Auf Wunsch kann Ihnen ein Leihwagen gegen Aufpreis zur Verf\u00fcgung gestellt werden\u00a0<a href=\"http:\/\/daz-gmbh.de\/autowerkstatt\/wp-content\/uploads\/2014\/01\/ok.jpg\"><img loading=\"lazy\" decoding=\"async\" alt=\"ok\" src=\"http:\/\/daz-gmbh.de\/autowerkstatt\/wp-content\/uploads\/2014\/01\/ok.jpg\" width=\"30\" height=\"30\" \/><\/a><\/li>\n<li>und, und, und&#8230;<\/li>\n<\/ul>\n<p><b>Lassen Sie sich von unserem Service \u00fcberzeugen!<\/b><\/p>\n<p><a href=\"http:\/\/daz-gmbh.de\/autowerkstatt\/wp-content\/uploads\/2014\/01\/dazvisite.jpg\"><img loading=\"lazy\" decoding=\"async\" class=\"alignleft size-medium wp-image-67\" alt=\"dazvisite\" src=\"http:\/\/daz-gmbh.de\/autowerkstatt\/wp-content\/uploads\/2014\/01\/dazvisite-300x193.jpg\" width=\"300\" height=\"193\" srcset=\"http:\/\/daz-gmbh.de\/autowerkstatt\/wp-content\/uploads\/2014\/01\/dazvisite-300x193.jpg 300w, http:\/\/daz-gmbh.de\/autowerkstatt\/wp-content\/uploads\/2014\/01\/dazvisite-624x401.jpg 624w, http:\/\/daz-gmbh.de\/autowerkstatt\/wp-content\/uploads\/2014\/01\/dazvisite.jpg 1000w\" sizes=\"auto, (max-width: 300px) 100vw, 300px\" \/><\/a><\/p>\n","protected":false},"excerpt":{"rendered":"<p>Viel mehr als Sie von einer guten Werkstatt erwarten: Pkw-Reparatur f\u00fcr alle Fabrikate Schnellservice &#8211; kleinere Arbeiten werden sofort und ohne Voranmeldung erledigt (z.B. \u00d6lwechsel oder Austausch von Batterien) Fr\u00fchjahrsservice, Urlaubsservice, Winterservice, Lichttest\u00a0 Inspektionen nach Herstellerangaben Hauptuntersuchung (HU\/&#8220;T\u00dcV&#8220;) und Abgasuntersuchung (AU) Kleinere Unfallinstandsetzungen Reifenservice mit R\u00e4dereinlagerung Klimaanlagenservice \/ Klimaanlagenreparatur Motordiagnose mit modernster Messtechnik Bremsen-, Auspuff-, [&hellip;]<\/p>\n","protected":false},"author":1,"featured_media":0,"parent":0,"menu_order":0,"comment_status":"closed","ping_status":"closed","template":"","meta":{"footnotes":""},"class_list":["post-31","page","type-page","status-publish","hentry"],"_links":{"self":[{"href":"http:\/\/daz-gmbh.de\/autowerkstatt\/wp-json\/wp\/v2\/pages\/31","targetHints":{"allow":["GET"]}}],"collection":[{"href":"http:\/\/daz-gmbh.de\/autowerkstatt\/wp-json\/wp\/v2\/pages"}],"about":[{"href":"http:\/\/daz-gmbh.de\/autowerkstatt\/wp-json\/wp\/v2\/types\/page"}],"author":[{"embeddable":true,"href":"http:\/\/daz-gmbh.de\/autowerkstatt\/wp-json\/wp\/v2\/users\/1"}],"replies":[{"embeddable":true,"href":"http:\/\/daz-gmbh.de\/autowerkstatt\/wp-json\/wp\/v2\/comments?post=31"}],"version-history":[{"count":22,"href":"http:\/\/daz-gmbh.de\/autowerkstatt\/wp-json\/wp\/v2\/pages\/31\/revisions"}],"predecessor-version":[{"id":72,"href":"http:\/\/daz-gmbh.de\/autowerkstatt\/wp-json\/wp\/v2\/pages\/31\/revisions\/72"}],"wp:attachment":[{"href":"http:\/\/daz-gmbh.de\/autowerkstatt\/wp-json\/wp\/v2\/media?parent=31"}],"curies":[{"name":"wp","href":"https:\/\/api.w.org\/{rel}","templated":true}]}}