{"id":2,"date":"2014-01-09T23:14:46","date_gmt":"2014-01-09T23:14:46","guid":{"rendered":"http:\/\/daz-gmbh.de\/autowerkstatt\/?page_id=2"},"modified":"2014-01-12T02:46:21","modified_gmt":"2014-01-12T00:46:21","slug":"beispiel-seite","status":"publish","type":"page","link":"http:\/\/daz-gmbh.de\/autowerkstatt\/beispiel-seite\/","title":{"rendered":"\u00dcber Uns"},"content":{"rendered":"<h1 id=\"logoText\">Willkommen beim Duisburger Automobil Zentrum GmbH<\/h1>\n<p>&nbsp;<\/p>\n<p><strong>Hier entsteht zur Zeit unsere neue Website, auf der wir Sie hoffentlich<\/strong><br \/>\n<strong>\u00a0\u00a0\u00a0 k\u00fcnftig h\u00e4ufiger begr\u00fc\u00dfen d\u00fcrfen.<\/strong><br \/>\n<strong>\u00a0[flagallery gid=1]<\/strong><\/p>\n<div id=\"Ebene3\"><\/div>\n<p><span style=\"font-family: Arial; font-size: small;\"><br \/>\nAls autorisierter <span style=\"text-decoration: underline;\">Autowerkstatt-Partner<\/span>\u00a0bieten wir Ihnen hier<br \/>\nviele interessante Angebote rund um den Service f\u00fcr Ihr Kfz.<\/span><\/p>\n<p>&#8211; Inspektion und Diagnose<br \/>\n&#8211; Bremstechnik f\u00fcr PKW und Motorrad<br \/>\n&#8211; Klimaanlagenservice<br \/>\n&#8211; Dieseltechnik<br \/>\n&#8211; T\u00dcV Abnahmen und Sondereintragungen<\/p>\n<p>\u00dcberzeugen Sie sich von unserem vielseitigem Leistungsangebot<br \/>\nund der Qualit\u00e4t der von uns angebotenen Markenartikel<\/p>\n<p><b>\u00a0\u00a0 Ihr Autozentrum DAZ GmbH<\/b><\/p>\n<p><span style=\"line-height: 1.714285714; font-size: 1rem;\">\u00a0<\/span><\/p>\n","protected":false},"excerpt":{"rendered":"<p>Willkommen beim Duisburger Automobil Zentrum GmbH &nbsp; Hier entsteht zur Zeit unsere neue Website, auf der wir Sie hoffentlich \u00a0\u00a0\u00a0 k\u00fcnftig h\u00e4ufiger begr\u00fc\u00dfen d\u00fcrfen. \u00a0[flagallery gid=1] Als autorisierter Autowerkstatt-Partner\u00a0bieten wir Ihnen hier viele interessante Angebote rund um den Service f\u00fcr Ihr Kfz. &#8211; Inspektion und Diagnose &#8211; Bremstechnik f\u00fcr PKW und Motorrad &#8211; Klimaanlagenservice &#8211; [&hellip;]<\/p>\n","protected":false},"author":1,"featured_media":0,"parent":0,"menu_order":0,"comment_status":"open","ping_status":"open","template":"","meta":{"footnotes":""},"class_list":["post-2","page","type-page","status-publish","hentry"],"_links":{"self":[{"href":"http:\/\/daz-gmbh.de\/autowerkstatt\/wp-json\/wp\/v2\/pages\/2","targetHints":{"allow":["GET"]}}],"collection":[{"href":"http:\/\/daz-gmbh.de\/autowerkstatt\/wp-json\/wp\/v2\/pages"}],"about":[{"href":"http:\/\/daz-gmbh.de\/autowerkstatt\/wp-json\/wp\/v2\/types\/page"}],"author":[{"embeddable":true,"href":"http:\/\/daz-gmbh.de\/autowerkstatt\/wp-json\/wp\/v2\/users\/1"}],"replies":[{"embeddable":true,"href":"http:\/\/daz-gmbh.de\/autowerkstatt\/wp-json\/wp\/v2\/comments?post=2"}],"version-history":[{"count":6,"href":"http:\/\/daz-gmbh.de\/autowerkstatt\/wp-json\/wp\/v2\/pages\/2\/revisions"}],"predecessor-version":[{"id":62,"href":"http:\/\/daz-gmbh.de\/autowerkstatt\/wp-json\/wp\/v2\/pages\/2\/revisions\/62"}],"wp:attachment":[{"href":"http:\/\/daz-gmbh.de\/autowerkstatt\/wp-json\/wp\/v2\/media?parent=2"}],"curies":[{"name":"wp","href":"https:\/\/api.w.org\/{rel}","templated":true}]}}